{"id":7,"date":"2026-04-11T01:47:49","date_gmt":"2026-04-11T01:47:49","guid":{"rendered":"https:\/\/precifi3d.com\/blog\/blog\/"},"modified":"2026-04-21T19:51:24","modified_gmt":"2026-04-21T19:51:24","slug":"blog","status":"publish","type":"page","link":"https:\/\/precifi3d.com\/blog\/","title":{"rendered":"Blog"},"content":{"rendered":"\t\t<div data-elementor-type=\"wp-page\" data-elementor-id=\"7\" class=\"elementor elementor-7\">\n\t\t\t\t<div data-aos=\"fade-up\" class=\"hostinger-elementor-aos elementor-element elementor-element-ddccf30 e-grid hostinger-ai-background-video e-con-boxed e-con e-parent\" data-id=\"ddccf30\" data-element_type=\"container\" data-e-type=\"container\" data-settings=\"{&quot;background_background&quot;:&quot;video&quot;,&quot;background_video_link&quot;:&quot;https:\\\/\\\/videos.pexels.com\\\/video-files\\\/30260830\\\/12972890_1280_720_25fps.mp4&quot;,&quot;background_play_on_mobile&quot;:&quot;yes&quot;}\">\n\t\t\t\t\t<div class=\"e-con-inner\">\n\t\t<div class=\"elementor-background-video-container\">\n\t\t\t\t\t\t\t<video class=\"elementor-background-video-hosted\" role=\"presentation\" autoplay muted playsinline loop><\/video>\n\t\t\t\t\t<\/div><div data-aos=\"fade-up\" class=\"hostinger-elementor-aos elementor-element elementor-element-74068c0 e-flex e-con-boxed e-con e-child\" data-id=\"74068c0\" data-element_type=\"container\" data-e-type=\"container\">\n\t\t\t\t\t<div class=\"e-con-inner\">\n\t\t\t\t<div class=\"elementor-element elementor-element-2085031 hostinger-ai-title elementor-widget__width-initial elementor-widget elementor-widget-heading\" data-id=\"2085031\" data-element_type=\"widget\" data-e-type=\"widget\" data-widget_type=\"heading.default\">\n\t\t\t\t<div class=\"elementor-widget-container\">\n\t\t\t\t\t<h1 class=\"elementor-heading-title elementor-size-default\">Aprenda, Precifique e Cres\u00e7a no Mercado de Impress\u00e3o 3D<\/h1>\t\t\t\t<\/div>\n\t\t\t\t<\/div>\n\t\t\t\t<div class=\"elementor-element elementor-element-e636516 hostinger-ai-description elementor-widget__width-initial elementor-widget elementor-widget-text-editor\" data-id=\"e636516\" data-element_type=\"widget\" data-e-type=\"widget\" data-widget_type=\"text-editor.default\">\n\t\t\t\t<div class=\"elementor-widget-container\">\n\t\t\t\t\t\t\t\t\t<p>Guias pr\u00e1ticos, tutoriais e estrat\u00e9gias para makers e empresas que querem precificar com precis\u00e3o e lucrar mais.<\/p>\t\t\t\t\t\t\t\t<\/div>\n\t\t\t\t<\/div>\n\t\t<div data-aos=\"fade-up\" class=\"hostinger-elementor-aos elementor-element elementor-element-2c4b343 e-con-full e-flex e-con e-child\" data-id=\"2c4b343\" data-element_type=\"container\" data-e-type=\"container\">\n\t\t\t\t<div class=\"elementor-element elementor-element-e129383 elementor-align-center elementor-widget elementor-widget-button\" data-id=\"e129383\" data-element_type=\"widget\" data-e-type=\"widget\" data-widget_type=\"button.default\">\n\t\t\t\t<div class=\"elementor-widget-container\">\n\t\t\t\t\t\t\t\t\t<div class=\"elementor-button-wrapper\">\n\t\t\t\t\t<a class=\"elementor-button elementor-button-link elementor-size-sm\" href=\"#secao-blog\">\n\t\t\t\t\t\t<span class=\"elementor-button-content-wrapper\">\n\t\t\t\t\t\t<span class=\"elementor-button-icon\">\n\t\t\t\t<svg aria-hidden=\"true\" class=\"e-font-icon-svg e-fas-book-open\" viewBox=\"0 0 576 512\" xmlns=\"http:\/\/www.w3.org\/2000\/svg\"><path d=\"M542.22 32.05c-54.8 3.11-163.72 14.43-230.96 55.59-4.64 2.84-7.27 7.89-7.27 13.17v363.87c0 11.55 12.63 18.85 23.28 13.49 69.18-34.82 169.23-44.32 218.7-46.92 16.89-.89 30.02-14.43 30.02-30.66V62.75c.01-17.71-15.35-31.74-33.77-30.7zM264.73 87.64C197.5 46.48 88.58 35.17 33.78 32.05 15.36 31.01 0 45.04 0 62.75V400.6c0 16.24 13.13 29.78 30.02 30.66 49.49 2.6 149.59 12.11 218.77 46.95 10.62 5.35 23.21-1.94 23.21-13.46V100.63c0-5.29-2.62-10.14-7.27-12.99z\"><\/path><\/svg>\t\t\t<\/span>\n\t\t\t\t\t\t\t\t\t<span class=\"elementor-button-text\">Explorar Artigos<\/span>\n\t\t\t\t\t<\/span>\n\t\t\t\t\t<\/a>\n\t\t\t\t<\/div>\n\t\t\t\t\t\t\t\t<\/div>\n\t\t\t\t<\/div>\n\t\t\t\t<div class=\"elementor-element elementor-element-c468a0c elementor-align-center elementor-widget elementor-widget-button\" data-id=\"c468a0c\" data-element_type=\"widget\" data-e-type=\"widget\" data-widget_type=\"button.default\">\n\t\t\t\t<div class=\"elementor-widget-container\">\n\t\t\t\t\t\t\t\t\t<div class=\"elementor-button-wrapper\">\n\t\t\t\t\t<a class=\"elementor-button elementor-button-link elementor-size-sm\" href=\"https:\/\/precifi3d.com\/guides\/basic\/calculator\">\n\t\t\t\t\t\t<span class=\"elementor-button-content-wrapper\">\n\t\t\t\t\t\t<span class=\"elementor-button-icon\">\n\t\t\t\t<svg aria-hidden=\"true\" class=\"e-font-icon-svg e-fas-calculator\" viewBox=\"0 0 448 512\" xmlns=\"http:\/\/www.w3.org\/2000\/svg\"><path d=\"M400 0H48C22.4 0 0 22.4 0 48v416c0 25.6 22.4 48 48 48h352c25.6 0 48-22.4 48-48V48c0-25.6-22.4-48-48-48zM128 435.2c0 6.4-6.4 12.8-12.8 12.8H76.8c-6.4 0-12.8-6.4-12.8-12.8v-38.4c0-6.4 6.4-12.8 12.8-12.8h38.4c6.4 0 12.8 6.4 12.8 12.8v38.4zm0-128c0 6.4-6.4 12.8-12.8 12.8H76.8c-6.4 0-12.8-6.4-12.8-12.8v-38.4c0-6.4 6.4-12.8 12.8-12.8h38.4c6.4 0 12.8 6.4 12.8 12.8v38.4zm128 128c0 6.4-6.4 12.8-12.8 12.8h-38.4c-6.4 0-12.8-6.4-12.8-12.8v-38.4c0-6.4 6.4-12.8 12.8-12.8h38.4c6.4 0 12.8 6.4 12.8 12.8v38.4zm0-128c0 6.4-6.4 12.8-12.8 12.8h-38.4c-6.4 0-12.8-6.4-12.8-12.8v-38.4c0-6.4 6.4-12.8 12.8-12.8h38.4c6.4 0 12.8 6.4 12.8 12.8v38.4zm128 128c0 6.4-6.4 12.8-12.8 12.8h-38.4c-6.4 0-12.8-6.4-12.8-12.8V268.8c0-6.4 6.4-12.8 12.8-12.8h38.4c6.4 0 12.8 6.4 12.8 12.8v166.4zm0-256c0 6.4-6.4 12.8-12.8 12.8H76.8c-6.4 0-12.8-6.4-12.8-12.8V76.8C64 70.4 70.4 64 76.8 64h294.4c6.4 0 12.8 6.4 12.8 12.8v102.4z\"><\/path><\/svg>\t\t\t<\/span>\n\t\t\t\t\t\t\t\t\t<span class=\"elementor-button-text\">Calcular Custos Gr\u00e1tis<\/span>\n\t\t\t\t\t<\/span>\n\t\t\t\t\t<\/a>\n\t\t\t\t<\/div>\n\t\t\t\t\t\t\t\t<\/div>\n\t\t\t\t<\/div>\n\t\t\t\t<\/div>\n\t\t<div data-aos=\"fade-up\" class=\"hostinger-elementor-aos elementor-element elementor-element-0bd9530 e-con-full e-flex e-con e-child\" data-id=\"0bd9530\" data-element_type=\"container\" data-e-type=\"container\">\n\t\t\t\t<div class=\"elementor-element elementor-element-cce16da elementor-widget elementor-widget-heading\" data-id=\"cce16da\" data-element_type=\"widget\" data-e-type=\"widget\" data-widget_type=\"heading.default\">\n\t\t\t\t<div class=\"elementor-widget-container\">\n\t\t\t\t\t<h2 class=\"elementor-heading-title elementor-size-default\">\u2605\u2605\u2605\u2605\u2605<\/h2>\t\t\t\t<\/div>\n\t\t\t\t<\/div>\n\t\t\t\t<div class=\"elementor-element elementor-element-e6e7a0c elementor-widget elementor-widget-heading\" data-id=\"e6e7a0c\" data-element_type=\"widget\" data-e-type=\"widget\" data-widget_type=\"heading.default\">\n\t\t\t\t<div class=\"elementor-widget-container\">\n\t\t\t\t\t<h2 class=\"elementor-heading-title elementor-size-default\">Usado por mais de 12.000 makers e empresas no Brasil<\/h2>\t\t\t\t<\/div>\n\t\t\t\t<\/div>\n\t\t\t\t<\/div>\n\t\t\t\t\t<\/div>\n\t\t\t\t<\/div>\n\t\t\t\t\t<\/div>\n\t\t\t\t<\/div>\n\t\t<div data-aos=\"fade-up\" class=\"hostinger-elementor-aos elementor-element elementor-element-9f9addf e-flex e-con-boxed e-con e-parent\" data-id=\"9f9addf\" data-element_type=\"container\" data-e-type=\"container\">\n\t\t\t\t\t<div class=\"e-con-inner\">\n\t\t\t\t<div class=\"elementor-element elementor-element-7ec273d hostinger-ai-title elementor-widget elementor-widget-heading\" data-id=\"7ec273d\" data-element_type=\"widget\" data-e-type=\"widget\" data-widget_type=\"heading.default\">\n\t\t\t\t<div class=\"elementor-widget-container\">\n\t\t\t\t\t<h2 class=\"elementor-heading-title elementor-size-default\">Destaques<\/h2>\t\t\t\t<\/div>\n\t\t\t\t<\/div>\n\t\t\t\t<div class=\"elementor-element elementor-element-7b14f84 elementor-widget elementor-widget-wp-widget-recent-posts\" data-id=\"7b14f84\" data-element_type=\"widget\" data-e-type=\"widget\" data-widget_type=\"wp-widget-recent-posts.default\">\n\t\t\t\t<div class=\"elementor-widget-container\">\n\t\t\t\t\t\n\t\t\n\t\t<h5>Artigos recentes<\/h5>\n\t\t<ul>\n\t\t\t\t\t\t\t\t\t\t\t<li>\n\t\t\t\t\t<a href=\"https:\/\/precifi3d.com\/blog\/como-calcular-custo-impressao-3d\/\">Como Calcular o Custo de Impress\u00e3o 3D: Guia Completo para Prestadores<\/a>\n\t\t\t\t\t\t\t\t\t<\/li>\n\t\t\t\t\t<\/ul>\n\n\t\t\t\t\t\t<\/div>\n\t\t\t\t<\/div>\n\t\t\t\t\t<\/div>\n\t\t\t\t<\/div>\n\t\t<div data-aos=\"fade-up\" class=\"hostinger-elementor-aos elementor-element elementor-element-ba811fa hostinger-ai-our-blog-1 e-flex e-con-boxed e-con e-parent\" data-id=\"ba811fa\" data-element_type=\"container\" data-e-type=\"container\" id=\"secao-blog\">\n\t\t\t\t\t<div class=\"e-con-inner\">\n\t\t<div data-aos=\"fade-up\" class=\"hostinger-elementor-aos elementor-element elementor-element-a118213 e-con-full e-flex e-con e-child\" data-id=\"a118213\" data-element_type=\"container\" data-e-type=\"container\">\n\t\t\t\t<div class=\"elementor-element elementor-element-1e65ecc elementor-widget-divider--view-line elementor-widget elementor-widget-divider\" data-id=\"1e65ecc\" data-element_type=\"widget\" data-e-type=\"widget\" data-widget_type=\"divider.default\">\n\t\t\t\t<div class=\"elementor-widget-container\">\n\t\t\t\t\t\t\t<div class=\"elementor-divider\">\n\t\t\t<span class=\"elementor-divider-separator\">\n\t\t\t\t\t\t<\/span>\n\t\t<\/div>\n\t\t\t\t\t\t<\/div>\n\t\t\t\t<\/div>\n\t\t<div data-aos=\"fade-up\" class=\"hostinger-elementor-aos elementor-element elementor-element-e10e199 e-con-full e-flex e-con e-child\" data-id=\"e10e199\" data-element_type=\"container\" data-e-type=\"container\">\n\t\t\t\t<div class=\"elementor-element elementor-element-d2f4957 elementor-widget elementor-widget-wp-widget-categories\" data-id=\"d2f4957\" data-element_type=\"widget\" data-e-type=\"widget\" data-widget_type=\"wp-widget-categories.default\">\n\t\t\t\t<div class=\"elementor-widget-container\">\n\t\t\t\t\t<h5>Categorias<\/h5>\n\t\t\t<ul>\n\t\t\t\t\t<li class=\"cat-item cat-item-1\"><a href=\"https:\/\/precifi3d.com\/blog\/category\/precificacao-custos\/\">Precifica\u00e7\u00e3o e Custos<\/a> (1)\n<\/li>\n\t\t\t<\/ul>\n\n\t\t\t\t\t\t\t<\/div>\n\t\t\t\t<\/div>\n\t\t\t\t<div class=\"elementor-element elementor-element-4d9c0f1 elementor-widget elementor-widget-hostinger-blog-posts\" data-id=\"4d9c0f1\" data-element_type=\"widget\" data-e-type=\"widget\" data-widget_type=\"hostinger-blog-posts.default\">\n\t\t\t\t<div class=\"elementor-widget-container\">\n\t\t\t\t\t        <div class=\"hostinger-blog-posts-widget\">\n            <div class=\"blog-posts-grid\">\n                                    <article class=\"blog-post-item\">\n                                                    <div class=\"post-thumbnail\">\n                                <a href=\"https:\/\/precifi3d.com\/blog\/como-calcular-custo-impressao-3d\/\">\n                                    <img fetchpriority=\"high\" decoding=\"async\" width=\"1024\" height=\"538\" src=\"https:\/\/precifi3d.com\/blog\/wp-content\/uploads\/2026\/04\/capa-artigo-precifi3d-1-1024x538.jpg\" class=\"attachment-large size-large wp-post-image\" alt=\"\" srcset=\"https:\/\/precifi3d.com\/blog\/wp-content\/uploads\/2026\/04\/capa-artigo-precifi3d-1-1024x538.jpg 1024w, https:\/\/precifi3d.com\/blog\/wp-content\/uploads\/2026\/04\/capa-artigo-precifi3d-1-300x158.jpg 300w, https:\/\/precifi3d.com\/blog\/wp-content\/uploads\/2026\/04\/capa-artigo-precifi3d-1-768x403.jpg 768w, https:\/\/precifi3d.com\/blog\/wp-content\/uploads\/2026\/04\/capa-artigo-precifi3d-1.jpg 1200w\" sizes=\"(max-width: 1024px) 100vw, 1024px\" \/>                                <\/a>\n                            <\/div>\n                        \n                        <h3 class=\"post-title\">\n                            <a href=\"https:\/\/precifi3d.com\/blog\/como-calcular-custo-impressao-3d\/\">\n                                Como Calcular o Custo de Impress\u00e3o 3D: Guia Completo para Prestadores                            <\/a>\n                        <\/h3>\n\n                        <div class=\"post-excerpt\">\n                            Aprenda a calcular o custo real de impress\u00e3o 3D considerando filamento, energia, m\u00e3o de obra e margem de lucro. Guia...                        <\/div>\n\n                                                    <div class=\"post-date\">\n                                Abril 11, 2026                            <\/div>\n                                            <\/article>\n                                            <\/div>\n        <\/div>\n        \t\t\t\t<\/div>\n\t\t\t\t<\/div>\n\t\t\t\t<\/div>\n\t\t\t\t<\/div>\n\t\t\t\t\t<\/div>\n\t\t\t\t<\/div>\n\t\t<div data-aos=\"fade-up\" class=\"hostinger-elementor-aos elementor-element elementor-element-425a1bf e-flex e-con-boxed e-con e-parent\" data-id=\"425a1bf\" data-element_type=\"container\" data-e-type=\"container\" data-settings=\"{&quot;background_background&quot;:&quot;gradient&quot;}\">\n\t\t\t\t\t<div class=\"e-con-inner\">\n\t\t<div data-aos=\"fade-up\" class=\"hostinger-elementor-aos elementor-element elementor-element-8eb3a11 e-con-full e-flex e-con e-child\" data-id=\"8eb3a11\" data-element_type=\"container\" data-e-type=\"container\">\n\t\t\t\t<div class=\"elementor-element elementor-element-2516ff0 hostinger-ai-title elementor-widget elementor-widget-heading\" data-id=\"2516ff0\" data-element_type=\"widget\" data-e-type=\"widget\" data-widget_type=\"heading.default\">\n\t\t\t\t<div class=\"elementor-widget-container\">\n\t\t\t\t\t<h2 class=\"elementor-heading-title elementor-size-default\">Ainda calculando custos no achismo?<\/h2>\t\t\t\t<\/div>\n\t\t\t\t<\/div>\n\t\t\t\t<div class=\"elementor-element elementor-element-bb2189c elementor-widget__width-initial hostinger-ai-description elementor-widget elementor-widget-text-editor\" data-id=\"bb2189c\" data-element_type=\"widget\" data-e-type=\"widget\" data-widget_type=\"text-editor.default\">\n\t\t\t\t<div class=\"elementor-widget-container\">\n\t\t\t\t\t\t\t\t\t<p>Mais de 12.000 makers j\u00e1 usam o <br \/>Precifi3D para precificar com precis\u00e3o.<\/p>\t\t\t\t\t\t\t\t<\/div>\n\t\t\t\t<\/div>\n\t\t\t\t<div class=\"elementor-element elementor-element-c0f4a8e hostinger-ai-cta-button hostinger-index-0 elementor-align-center elementor-widget elementor-widget-button\" data-id=\"c0f4a8e\" data-element_type=\"widget\" data-e-type=\"widget\" data-widget_type=\"button.default\">\n\t\t\t\t<div class=\"elementor-widget-container\">\n\t\t\t\t\t\t\t\t\t<div class=\"elementor-button-wrapper\">\n\t\t\t\t\t<a class=\"elementor-button elementor-button-link elementor-size-sm\" href=\"https:\/\/precifi3d.com\/signup\">\n\t\t\t\t\t\t<span class=\"elementor-button-content-wrapper\">\n\t\t\t\t\t\t<span class=\"elementor-button-icon\">\n\t\t\t\t<svg aria-hidden=\"true\" class=\"e-font-icon-svg e-fas-calculator\" viewBox=\"0 0 448 512\" xmlns=\"http:\/\/www.w3.org\/2000\/svg\"><path d=\"M400 0H48C22.4 0 0 22.4 0 48v416c0 25.6 22.4 48 48 48h352c25.6 0 48-22.4 48-48V48c0-25.6-22.4-48-48-48zM128 435.2c0 6.4-6.4 12.8-12.8 12.8H76.8c-6.4 0-12.8-6.4-12.8-12.8v-38.4c0-6.4 6.4-12.8 12.8-12.8h38.4c6.4 0 12.8 6.4 12.8 12.8v38.4zm0-128c0 6.4-6.4 12.8-12.8 12.8H76.8c-6.4 0-12.8-6.4-12.8-12.8v-38.4c0-6.4 6.4-12.8 12.8-12.8h38.4c6.4 0 12.8 6.4 12.8 12.8v38.4zm128 128c0 6.4-6.4 12.8-12.8 12.8h-38.4c-6.4 0-12.8-6.4-12.8-12.8v-38.4c0-6.4 6.4-12.8 12.8-12.8h38.4c6.4 0 12.8 6.4 12.8 12.8v38.4zm0-128c0 6.4-6.4 12.8-12.8 12.8h-38.4c-6.4 0-12.8-6.4-12.8-12.8v-38.4c0-6.4 6.4-12.8 12.8-12.8h38.4c6.4 0 12.8 6.4 12.8 12.8v38.4zm128 128c0 6.4-6.4 12.8-12.8 12.8h-38.4c-6.4 0-12.8-6.4-12.8-12.8V268.8c0-6.4 6.4-12.8 12.8-12.8h38.4c6.4 0 12.8 6.4 12.8 12.8v166.4zm0-256c0 6.4-6.4 12.8-12.8 12.8H76.8c-6.4 0-12.8-6.4-12.8-12.8V76.8C64 70.4 70.4 64 76.8 64h294.4c6.4 0 12.8 6.4 12.8 12.8v102.4z\"><\/path><\/svg>\t\t\t<\/span>\n\t\t\t\t\t\t\t\t\t<span class=\"elementor-button-text\">Calcular gr\u00e1tis agora<\/span>\n\t\t\t\t\t<\/span>\n\t\t\t\t\t<\/a>\n\t\t\t\t<\/div>\n\t\t\t\t\t\t\t\t<\/div>\n\t\t\t\t<\/div>\n\t\t\t\t<\/div>\n\t\t\t\t\t<\/div>\n\t\t\t\t<\/div>\n\t\t\t\t<\/div>\n\t\t","protected":false},"excerpt":{"rendered":"<p>Aprenda, Precifique e Cres\u00e7a no Mercado de Impress\u00e3o 3D Guias pr\u00e1ticos, tutoriais e estrat\u00e9gias para makers e empresas que querem precificar com precis\u00e3o e lucrar mais. Explorar Artigos Calcular Custos Gr\u00e1tis \u2605\u2605\u2605\u2605\u2605 Usado por mais de 12.000 makers e empresas no Brasil Destaques Como Calcular o Custo de Impress\u00e3o 3D: Guia Completo para Prestadores Aprenda [&hellip;]<\/p>\n","protected":false},"author":1,"featured_media":0,"parent":0,"menu_order":0,"comment_status":"closed","ping_status":"closed","template":"","meta":{"footnotes":""},"class_list":["post-7","page","type-page","status-publish","hentry"],"_links":{"self":[{"href":"https:\/\/precifi3d.com\/blog\/wp-json\/wp\/v2\/pages\/7","targetHints":{"allow":["GET"]}}],"collection":[{"href":"https:\/\/precifi3d.com\/blog\/wp-json\/wp\/v2\/pages"}],"about":[{"href":"https:\/\/precifi3d.com\/blog\/wp-json\/wp\/v2\/types\/page"}],"author":[{"embeddable":true,"href":"https:\/\/precifi3d.com\/blog\/wp-json\/wp\/v2\/users\/1"}],"replies":[{"embeddable":true,"href":"https:\/\/precifi3d.com\/blog\/wp-json\/wp\/v2\/comments?post=7"}],"version-history":[{"count":54,"href":"https:\/\/precifi3d.com\/blog\/wp-json\/wp\/v2\/pages\/7\/revisions"}],"predecessor-version":[{"id":304,"href":"https:\/\/precifi3d.com\/blog\/wp-json\/wp\/v2\/pages\/7\/revisions\/304"}],"wp:attachment":[{"href":"https:\/\/precifi3d.com\/blog\/wp-json\/wp\/v2\/media?parent=7"}],"curies":[{"name":"wp","href":"https:\/\/api.w.org\/{rel}","templated":true}]}}